{"id":163,"date":"2015-08-20T20:29:56","date_gmt":"2015-08-20T18:29:56","guid":{"rendered":"https:\/\/staging.pumptrack.de\/?page_id=163"},"modified":"2016-01-05T11:05:34","modified_gmt":"2016-01-05T10:05:34","slug":"precast-concrete-pumptracks","status":"publish","type":"page","link":"https:\/\/staging.pumptrack.de\/index.php\/precast-concrete-pumptracks\/","title":{"rendered":"Precast-Concrete-Pumptracks"},"content":{"rendered":"<h1>Modular Pumptrack &#8211; Beton Fertigteile<\/h1>\n<img loading=\"lazy\" decoding=\"async\" class=\"alignnone size-full wp-image-354\" src=\"https:\/\/staging.pumptrack.de\/wp-content\/uploads\/2015\/08\/precast-Concrete.jpg\" alt=\"precast-Concrete\" width=\"1140\" height=\"760\" srcset=\"https:\/\/staging.pumptrack.de\/wp-content\/uploads\/2015\/08\/precast-Concrete.jpg 1140w, https:\/\/staging.pumptrack.de\/wp-content\/uploads\/2015\/08\/precast-Concrete-244x163.jpg 244w, https:\/\/staging.pumptrack.de\/wp-content\/uploads\/2015\/08\/precast-Concrete-768x512.jpg 768w, https:\/\/staging.pumptrack.de\/wp-content\/uploads\/2015\/08\/precast-Concrete-371x247.jpg 371w\" sizes=\"(max-width: 1140px) 100vw, 1140px\" \/>\n<ul>\n<li>Baukasten-Prinzip: Der Pumptrack wird aus Beton-Bauteilen zusammengesetzt.<\/li>\n<li>Wirtschaftlich: Niedriger Planungsaufwand, kurze Bauzeiten.<\/li>\n<li>T\u00dcV-zertifiziert.<\/li>\n<li>Zus\u00e4tzlich werden Einfahrten und Kreuzungen f\u00fcr noch mehr Flexibilit\u00e4t in der Planung angeboten.<\/li>\n<li>Hohe Qualit\u00e4t hinsichtlich Wertigkeit sowie Langlebikgket<\/li>\n<li>Befahren m\u00f6glich mit MTB, BMX, Skateboard, Inlineskates, Scooter, Laufrad und fast allem, was R\u00e4der hat.<\/li>\n<\/ul>\n<img loading=\"lazy\" decoding=\"async\" class=\"alignnone size-full wp-image-355\" src=\"https:\/\/staging.pumptrack.de\/wp-content\/uploads\/2015\/08\/precast-Concrete2.jpg\" alt=\"precast-Concrete2\" width=\"1140\" height=\"760\" srcset=\"https:\/\/staging.pumptrack.de\/wp-content\/uploads\/2015\/08\/precast-Concrete2.jpg 1140w, https:\/\/staging.pumptrack.de\/wp-content\/uploads\/2015\/08\/precast-Concrete2-244x163.jpg 244w, https:\/\/staging.pumptrack.de\/wp-content\/uploads\/2015\/08\/precast-Concrete2-768x512.jpg 768w, https:\/\/staging.pumptrack.de\/wp-content\/uploads\/2015\/08\/precast-Concrete2-371x247.jpg 371w\" sizes=\"(max-width: 1140px) 100vw, 1140px\" \/>\n<ul>\n<li>Hier sehen sie verschiedene Optionen hinsichtlich Gr\u00f6\u00dfe und Gestaltung der Pumptrack- Anlage.<\/li>\n<li>Individuelle Layouts sind ab einer Grundfl\u00e4che von 20 x 10m jederzeit m\u00f6glich.<\/li>\n<\/ul>\n<img loading=\"lazy\" decoding=\"async\" class=\"alignnone size-full wp-image-391\" src=\"https:\/\/staging.pumptrack.de\/wp-content\/uploads\/2015\/08\/precast-Concrete4-3.jpg\" alt=\"precast-Concrete4\" width=\"1140\" height=\"1707\" srcset=\"https:\/\/staging.pumptrack.de\/wp-content\/uploads\/2015\/08\/precast-Concrete4-3.jpg 1140w, https:\/\/staging.pumptrack.de\/wp-content\/uploads\/2015\/08\/precast-Concrete4-3-163x244.jpg 163w, https:\/\/staging.pumptrack.de\/wp-content\/uploads\/2015\/08\/precast-Concrete4-3-768x1150.jpg 768w, https:\/\/staging.pumptrack.de\/wp-content\/uploads\/2015\/08\/precast-Concrete4-3-248x371.jpg 248w\" sizes=\"(max-width: 1140px) 100vw, 1140px\" \/><img loading=\"lazy\" decoding=\"async\" class=\"alignnone size-full wp-image-392\" src=\"https:\/\/staging.pumptrack.de\/wp-content\/uploads\/2015\/08\/precast-Concrete5-1.jpg\" alt=\"precast-Concrete5\" width=\"1140\" height=\"1707\" srcset=\"https:\/\/staging.pumptrack.de\/wp-content\/uploads\/2015\/08\/precast-Concrete5-1.jpg 1140w, https:\/\/staging.pumptrack.de\/wp-content\/uploads\/2015\/08\/precast-Concrete5-1-163x244.jpg 163w, https:\/\/staging.pumptrack.de\/wp-content\/uploads\/2015\/08\/precast-Concrete5-1-768x1150.jpg 768w, https:\/\/staging.pumptrack.de\/wp-content\/uploads\/2015\/08\/precast-Concrete5-1-248x371.jpg 248w\" sizes=\"(max-width: 1140px) 100vw, 1140px\" \/>\n<div class=\"graue-box\"><\/div>\n","protected":false},"excerpt":{"rendered":"<p>Modular Pumptrack &#8211; Beton Fertigteile Baukasten-Prinzip: Der Pumptrack wird aus Beton-Bauteilen zusammengesetzt. Wirtschaftlich: Niedriger Planungsaufwand, kurze Bauzeiten. T\u00dcV-zertifiziert. Zus\u00e4tzlich werden Einfahrten und Kreuzungen f\u00fcr noch mehr Flexibilit\u00e4t in der Planung angeboten. Hohe Qualit\u00e4t hinsichtlich Wertigkeit sowie Langlebikgket Befahren m\u00f6glich mit MTB, BMX, Skateboard, Inlineskates, Scooter, Laufrad und fast allem, was R\u00e4der hat. Hier sehen sie&#8230;  <a class=\"excerpt-read-more\" href=\"https:\/\/staging.pumptrack.de\/index.php\/precast-concrete-pumptracks\/\" title=\"ReadPrecast-Concrete-Pumptracks\">Read more &raquo;<\/a><\/p>\n","protected":false},"author":1,"featured_media":0,"parent":0,"menu_order":0,"comment_status":"closed","ping_status":"open","template":"","meta":{"footnotes":""},"_links":{"self":[{"href":"https:\/\/staging.pumptrack.de\/index.php\/wp-json\/wp\/v2\/pages\/163"}],"collection":[{"href":"https:\/\/staging.pumptrack.de\/index.php\/wp-json\/wp\/v2\/pages"}],"about":[{"href":"https:\/\/staging.pumptrack.de\/index.php\/wp-json\/wp\/v2\/types\/page"}],"author":[{"embeddable":true,"href":"https:\/\/staging.pumptrack.de\/index.php\/wp-json\/wp\/v2\/users\/1"}],"replies":[{"embeddable":true,"href":"https:\/\/staging.pumptrack.de\/index.php\/wp-json\/wp\/v2\/comments?post=163"}],"version-history":[{"count":9,"href":"https:\/\/staging.pumptrack.de\/index.php\/wp-json\/wp\/v2\/pages\/163\/revisions"}],"predecessor-version":[{"id":393,"href":"https:\/\/staging.pumptrack.de\/index.php\/wp-json\/wp\/v2\/pages\/163\/revisions\/393"}],"wp:attachment":[{"href":"https:\/\/staging.pumptrack.de\/index.php\/wp-json\/wp\/v2\/media?parent=163"}],"curies":[{"name":"wp","href":"https:\/\/api.w.org\/{rel}","templated":true}]}}