{"id":165,"date":"2015-08-20T20:30:13","date_gmt":"2015-08-20T18:30:13","guid":{"rendered":"https:\/\/staging.pumptrack.de\/?page_id=165"},"modified":"2023-07-28T14:28:32","modified_gmt":"2023-07-28T12:28:32","slug":"mobile-pumptracks","status":"publish","type":"page","link":"https:\/\/staging.pumptrack.de\/index.php\/mobile-pumptracks\/","title":{"rendered":"Mobile Pumptracks"},"content":{"rendered":"<h1>Pumptrack Modular mit Fiberglas-Lauffl\u00e4che<\/h1>\n<img loading=\"lazy\" decoding=\"async\" class=\"wp-image-759 alignnone\" src=\"https:\/\/staging.pumptrack.de\/wp-content\/uploads\/2023\/07\/oberstaufen_logo_07_web_quer.jpg\" alt=\"oberstaufen_logo_07_web_quer\" width=\"1147\" height=\"785\" srcset=\"https:\/\/staging.pumptrack.de\/wp-content\/uploads\/2023\/07\/oberstaufen_logo_07_web_quer.jpg 2000w, https:\/\/staging.pumptrack.de\/wp-content\/uploads\/2023\/07\/oberstaufen_logo_07_web_quer-244x167.jpg 244w, https:\/\/staging.pumptrack.de\/wp-content\/uploads\/2023\/07\/oberstaufen_logo_07_web_quer-768x526.jpg 768w, https:\/\/staging.pumptrack.de\/wp-content\/uploads\/2023\/07\/oberstaufen_logo_07_web_quer-371x254.jpg 371w\" sizes=\"(max-width: 1147px) 100vw, 1147px\" \/>\n<ul>\n<li>Modulare Konstruktion, Rasch auf- und abgebaut, ideal f\u00fcr Testl\u00e4ufe, Events, Messen, zur tempor\u00e4ren und dauerhaften, freien Nutzung.<\/li>\n<li>Modularer Aufbau, viele verschiedene Layouts m\u00f6glich.<\/li>\n<li>T\u00dcV \u2013 Zertifiziert.<\/li>\n<li>Befahren m\u00f6glich mit MTB, BMX, Skateboard, Inlineskates, Scooter, Laufrad und fast allem, was R\u00e4der hat.<\/li>\n<li>Anlage kann f\u00fcr Events sowie f\u00fcr Tempor\u00e4re Insatlationen\u00a0<a href=\"https:\/\/staging.pumptrack.de\/index.php\/vermietung\/\">gemietet<\/a> werden.<\/li>\n<\/ul>\n<p><iframe loading=\"lazy\" width=\"500\" height=\"281\" src=\"https:\/\/www.youtube.com\/embed\/_nekGuomYrs?feature=oembed\" frameborder=\"0\" allowfullscreen><\/iframe><\/p>\n<p>Pumptrack Event in Innsbruck<\/p>\n<p><a href=\"http:\/\/www.regio-tv.de\/video\/379761.html\" target=\"_blank\">http:\/\/www.regio-tv.de\/video\/379761.html<\/a><\/p>\n<p>Pumptrack Event In Aalen<\/p>\n<h1>Modelle (Auswahl)<\/h1>\n<div class=\"graue-box\">\n<p><strong>Tempodrom<\/strong><br \/>\n<img loading=\"lazy\" decoding=\"async\" class=\"size-full wp-image-824 alignnone\" src=\"https:\/\/staging.pumptrack.de\/wp-content\/uploads\/2023\/07\/Tempodrom-1.png\" alt=\"Tempodrom\" width=\"608\" height=\"222\" srcset=\"https:\/\/staging.pumptrack.de\/wp-content\/uploads\/2023\/07\/Tempodrom-1.png 608w, https:\/\/staging.pumptrack.de\/wp-content\/uploads\/2023\/07\/Tempodrom-1-244x89.png 244w, https:\/\/staging.pumptrack.de\/wp-content\/uploads\/2023\/07\/Tempodrom-1-371x135.png 371w\" sizes=\"(max-width: 608px) 100vw, 608px\" \/><\/p>\n<p>Streckenl\u00e4nge: 42 m<br \/>\nGewicht: 1.455 kg<\/p>\n<\/div>\n<p><strong>Thales<\/strong><br \/>\n<img loading=\"lazy\" decoding=\"async\" class=\"size-full wp-image-836 alignnone\" src=\"https:\/\/staging.pumptrack.de\/wp-content\/uploads\/2023\/07\/02-Thales.png\" alt=\"02 Thales\" width=\"608\" height=\"222\" srcset=\"https:\/\/staging.pumptrack.de\/wp-content\/uploads\/2023\/07\/02-Thales.png 608w, https:\/\/staging.pumptrack.de\/wp-content\/uploads\/2023\/07\/02-Thales-244x89.png 244w, https:\/\/staging.pumptrack.de\/wp-content\/uploads\/2023\/07\/02-Thales-371x135.png 371w\" sizes=\"(max-width: 608px) 100vw, 608px\" \/><\/p>\n<p>Streckenl\u00e4nge: 52 m<br \/>\nGewicht: 1.730 kg<\/p>\n<div class=\"graue-box\">\n<p><strong>Trailogon<\/strong><br \/>\n<img loading=\"lazy\" decoding=\"async\" class=\"size-full wp-image-829 alignnone\" src=\"https:\/\/staging.pumptrack.de\/wp-content\/uploads\/2023\/07\/03-Trailogon.png\" alt=\"03 Trailogon\" width=\"608\" height=\"222\" srcset=\"https:\/\/staging.pumptrack.de\/wp-content\/uploads\/2023\/07\/03-Trailogon.png 608w, https:\/\/staging.pumptrack.de\/wp-content\/uploads\/2023\/07\/03-Trailogon-244x89.png 244w, https:\/\/staging.pumptrack.de\/wp-content\/uploads\/2023\/07\/03-Trailogon-371x135.png 371w\" sizes=\"(max-width: 608px) 100vw, 608px\" \/><br \/>\nStreckenl\u00e4nge: 58 m<br \/>\nGewicht: 1.940 kg<\/p>\n<\/div>\n<p><strong>Kita<\/strong><br \/>\n<img loading=\"lazy\" decoding=\"async\" class=\"size-full wp-image-830 alignnone\" src=\"https:\/\/staging.pumptrack.de\/wp-content\/uploads\/2023\/07\/04-Kita.png\" alt=\"04 Kita\" width=\"608\" height=\"222\" srcset=\"https:\/\/staging.pumptrack.de\/wp-content\/uploads\/2023\/07\/04-Kita.png 608w, https:\/\/staging.pumptrack.de\/wp-content\/uploads\/2023\/07\/04-Kita-244x89.png 244w, https:\/\/staging.pumptrack.de\/wp-content\/uploads\/2023\/07\/04-Kita-371x135.png 371w\" sizes=\"(max-width: 608px) 100vw, 608px\" \/><br \/>\nStreckenl\u00e4nge: 54 m<br \/>\nGewicht: 1.983 kg<\/p>\n<div class=\"graue-box\">\n<p><strong>Schleife 1<\/strong><br \/>\n<img loading=\"lazy\" decoding=\"async\" class=\"size-full wp-image-844 alignnone\" src=\"https:\/\/staging.pumptrack.de\/wp-content\/uploads\/2015\/08\/05-Schleife-1.png\" alt=\"05 Schleife 1\" width=\"608\" height=\"222\" srcset=\"https:\/\/staging.pumptrack.de\/wp-content\/uploads\/2015\/08\/05-Schleife-1.png 608w, https:\/\/staging.pumptrack.de\/wp-content\/uploads\/2015\/08\/05-Schleife-1-244x89.png 244w, https:\/\/staging.pumptrack.de\/wp-content\/uploads\/2015\/08\/05-Schleife-1-371x135.png 371w\" sizes=\"(max-width: 608px) 100vw, 608px\" \/><br \/>\nStreckenl\u00e4nge: 64 m<br \/>\nGewicht: 2.263 kg<\/p>\n<\/div>\n<p><strong>Universal<\/strong><br \/>\n<img loading=\"lazy\" decoding=\"async\" class=\"size-full wp-image-832 alignnone\" src=\"https:\/\/staging.pumptrack.de\/wp-content\/uploads\/2023\/07\/06-Universal.png\" alt=\"06 Universal\" width=\"608\" height=\"222\" srcset=\"https:\/\/staging.pumptrack.de\/wp-content\/uploads\/2023\/07\/06-Universal.png 608w, https:\/\/staging.pumptrack.de\/wp-content\/uploads\/2023\/07\/06-Universal-244x89.png 244w, https:\/\/staging.pumptrack.de\/wp-content\/uploads\/2023\/07\/06-Universal-371x135.png 371w\" sizes=\"(max-width: 608px) 100vw, 608px\" \/><br \/>\nStreckenl\u00e4nge: 81 m<br \/>\nGewicht: 3.022 kg<\/p>\n<div class=\"graue-box\">\n<p><strong>Evener<\/strong><br \/>\n<img loading=\"lazy\" decoding=\"async\" class=\"size-full wp-image-833 alignnone\" src=\"https:\/\/staging.pumptrack.de\/wp-content\/uploads\/2023\/07\/07-Evener.png\" alt=\"07 Evener\" width=\"608\" height=\"222\" srcset=\"https:\/\/staging.pumptrack.de\/wp-content\/uploads\/2023\/07\/07-Evener.png 608w, https:\/\/staging.pumptrack.de\/wp-content\/uploads\/2023\/07\/07-Evener-244x89.png 244w, https:\/\/staging.pumptrack.de\/wp-content\/uploads\/2023\/07\/07-Evener-371x135.png 371w\" sizes=\"(max-width: 608px) 100vw, 608px\" \/><br \/>\nStreckenl\u00e4nge: 100 m<br \/>\nGewicht: 3548 kg<\/p>\n<\/div>\n<p><strong>Turbo<\/strong><br \/>\n<img loading=\"lazy\" decoding=\"async\" class=\"size-full wp-image-834 alignnone\" src=\"https:\/\/staging.pumptrack.de\/wp-content\/uploads\/2023\/07\/08-Turbo.png\" alt=\"08 Turbo\" width=\"608\" height=\"222\" srcset=\"https:\/\/staging.pumptrack.de\/wp-content\/uploads\/2023\/07\/08-Turbo.png 608w, https:\/\/staging.pumptrack.de\/wp-content\/uploads\/2023\/07\/08-Turbo-244x89.png 244w, https:\/\/staging.pumptrack.de\/wp-content\/uploads\/2023\/07\/08-Turbo-371x135.png 371w\" sizes=\"(max-width: 608px) 100vw, 608px\" \/><br \/>\nStreckenl\u00e4nge: 114 m<br \/>\nGewicht: 4.121 kg<\/p>\n<div class=\"graue-box\">\n<p><strong>Labyrinth<\/strong><br \/>\n<img loading=\"lazy\" decoding=\"async\" class=\"size-full wp-image-835 alignnone\" src=\"https:\/\/staging.pumptrack.de\/wp-content\/uploads\/2023\/07\/09-Labyrinth.png\" alt=\"09 Labyrinth\" width=\"608\" height=\"222\" srcset=\"https:\/\/staging.pumptrack.de\/wp-content\/uploads\/2023\/07\/09-Labyrinth.png 608w, https:\/\/staging.pumptrack.de\/wp-content\/uploads\/2023\/07\/09-Labyrinth-244x89.png 244w, https:\/\/staging.pumptrack.de\/wp-content\/uploads\/2023\/07\/09-Labyrinth-371x135.png 371w\" sizes=\"(max-width: 608px) 100vw, 608px\" \/><br \/>\nStreckenl\u00e4nge: 159 m<br \/>\nGewicht: 5425 kg<\/p>\n<a href=\"https:\/\/staging.pumptrack.de\/wp-content\/uploads\/2015\/08\/Mobiler-Pumptrack3.jpg\" data-rel=\"lightbox-gallery-HyVqH610\" data-rl_title=\"\" data-rl_caption=\"\" title=\"\"><img loading=\"lazy\" decoding=\"async\" class=\"alignnone size-full wp-image-295\" src=\"https:\/\/staging.pumptrack.de\/wp-content\/uploads\/2015\/08\/Mobiler-Pumptrack3.jpg\" alt=\"Mobiler-Pumptrack3\" width=\"1140\" height=\"540\" srcset=\"https:\/\/staging.pumptrack.de\/wp-content\/uploads\/2015\/08\/Mobiler-Pumptrack3.jpg 1140w, https:\/\/staging.pumptrack.de\/wp-content\/uploads\/2015\/08\/Mobiler-Pumptrack3-244x116.jpg 244w, https:\/\/staging.pumptrack.de\/wp-content\/uploads\/2015\/08\/Mobiler-Pumptrack3-371x176.jpg 371w\" sizes=\"(max-width: 1140px) 100vw, 1140px\" \/><\/a><a href=\"https:\/\/staging.pumptrack.de\/wp-content\/uploads\/2015\/08\/Mobiler-Pumptrack.jpg\" data-rel=\"lightbox-gallery-HyVqH610\" data-rl_title=\"\" data-rl_caption=\"\" title=\"\"><img loading=\"lazy\" decoding=\"async\" class=\"alignnone size-full wp-image-293\" src=\"https:\/\/staging.pumptrack.de\/wp-content\/uploads\/2015\/08\/Mobiler-Pumptrack.jpg\" alt=\"Mobiler-Pumptrack\" width=\"1140\" height=\"540\" srcset=\"https:\/\/staging.pumptrack.de\/wp-content\/uploads\/2015\/08\/Mobiler-Pumptrack.jpg 1140w, https:\/\/staging.pumptrack.de\/wp-content\/uploads\/2015\/08\/Mobiler-Pumptrack-244x116.jpg 244w, https:\/\/staging.pumptrack.de\/wp-content\/uploads\/2015\/08\/Mobiler-Pumptrack-371x176.jpg 371w\" sizes=\"(max-width: 1140px) 100vw, 1140px\" \/><\/a><a href=\"https:\/\/staging.pumptrack.de\/wp-content\/uploads\/2015\/08\/Mobiler-Pumptrack2.jpg\" data-rel=\"lightbox-gallery-HyVqH610\" data-rl_title=\"\" data-rl_caption=\"\" title=\"\"><img loading=\"lazy\" decoding=\"async\" class=\"alignnone size-full wp-image-294\" src=\"https:\/\/staging.pumptrack.de\/wp-content\/uploads\/2015\/08\/Mobiler-Pumptrack2.jpg\" alt=\"Mobiler-Pumptrack2\" width=\"1140\" height=\"540\" srcset=\"https:\/\/staging.pumptrack.de\/wp-content\/uploads\/2015\/08\/Mobiler-Pumptrack2.jpg 1140w, https:\/\/staging.pumptrack.de\/wp-content\/uploads\/2015\/08\/Mobiler-Pumptrack2-244x116.jpg 244w, https:\/\/staging.pumptrack.de\/wp-content\/uploads\/2015\/08\/Mobiler-Pumptrack2-371x176.jpg 371w\" sizes=\"(max-width: 1140px) 100vw, 1140px\" \/><\/a>\n<\/div>\n","protected":false},"excerpt":{"rendered":"<p>Pumptrack Modular mit Fiberglas-Lauffl\u00e4che Modulare Konstruktion, Rasch auf- und abgebaut, ideal f\u00fcr Testl\u00e4ufe, Events, Messen, zur tempor\u00e4ren und dauerhaften, freien Nutzung. Modularer Aufbau, viele verschiedene Layouts m\u00f6glich. T\u00dcV \u2013 Zertifiziert. Befahren m\u00f6glich mit MTB, BMX, Skateboard, Inlineskates, Scooter, Laufrad und fast allem, was R\u00e4der hat. Anlage kann f\u00fcr Events sowie f\u00fcr Tempor\u00e4re Insatlationen\u00a0gemietet werden. Pumptrack&#8230;  <a class=\"excerpt-read-more\" href=\"https:\/\/staging.pumptrack.de\/index.php\/mobile-pumptracks\/\" title=\"ReadMobile Pumptracks\">Read more &raquo;<\/a><\/p>\n","protected":false},"author":1,"featured_media":0,"parent":0,"menu_order":0,"comment_status":"closed","ping_status":"open","template":"","meta":{"footnotes":""},"_links":{"self":[{"href":"https:\/\/staging.pumptrack.de\/index.php\/wp-json\/wp\/v2\/pages\/165"}],"collection":[{"href":"https:\/\/staging.pumptrack.de\/index.php\/wp-json\/wp\/v2\/pages"}],"about":[{"href":"https:\/\/staging.pumptrack.de\/index.php\/wp-json\/wp\/v2\/types\/page"}],"author":[{"embeddable":true,"href":"https:\/\/staging.pumptrack.de\/index.php\/wp-json\/wp\/v2\/users\/1"}],"replies":[{"embeddable":true,"href":"https:\/\/staging.pumptrack.de\/index.php\/wp-json\/wp\/v2\/comments?post=165"}],"version-history":[{"count":44,"href":"https:\/\/staging.pumptrack.de\/index.php\/wp-json\/wp\/v2\/pages\/165\/revisions"}],"predecessor-version":[{"id":849,"href":"https:\/\/staging.pumptrack.de\/index.php\/wp-json\/wp\/v2\/pages\/165\/revisions\/849"}],"wp:attachment":[{"href":"https:\/\/staging.pumptrack.de\/index.php\/wp-json\/wp\/v2\/media?parent=165"}],"curies":[{"name":"wp","href":"https:\/\/api.w.org\/{rel}","templated":true}]}}